{"id":103,"date":"2017-07-02T14:22:27","date_gmt":"2017-07-02T14:22:27","guid":{"rendered":"http:\/\/wagenbrethuhlmann.com\/?page_id=103"},"modified":"2017-07-22T12:22:38","modified_gmt":"2017-07-22T12:22:38","slug":"beauregard","status":"publish","type":"page","link":"http:\/\/wagenbrethuhlmann.com\/?page_id=103","title":{"rendered":"Beauregard"},"content":{"rendered":"<p>(M. Vagan-Braide)<\/p>\n<p>J&#8217;ai quitt\u00e9 mon village<br \/>\nQuand j&#8217;avais dix-neuf ans<br \/>\nPour la ville, pour travailler \u00e0 l&#8217;usine<br \/>\nJe n&#8217;ai jamais oubli\u00e9<br \/>\nLa place o\u00f9 j&#8217;ai grandi<br \/>\nEt ma famille, mes amis<br \/>\nEt surtout ma voisine<br \/>\nEt je reviens \u00e0 Beauregard<br \/>\nPr\u00e8s du vieux fleuve dans les champs<br \/>\nEt je reviens \u00e0 Beauregard<br \/>\nReviens ayo\u00f9 tu m&#8217;attends<br \/>\nEt si tu m&#8217;attends pas<br \/>\nMoi, je reviens quand m\u00eame<br \/>\nEt je prends ma mis\u00e8re comme \u00e7a vient<br \/>\nJe suis tellement fatigu\u00e9<br \/>\nJ&#8217;irais me reposer<br \/>\nAupr\u00e8s d&#8217;une aut&#8216; jolie blonde<br \/>\nEt je l&#8217;aimerai bien<br \/>\nEt je reviens \u00e0 Beauregard<br \/>\nPr\u00e8s du vieux fleuve dans les champs<br \/>\nJe vais rester \u00e0 Beauregard<br \/>\nEt jusqu&#8217;\u00e0 la fin des temps<\/p>\n","protected":false},"excerpt":{"rendered":"<p>(M. Vagan-Braide) J&#8217;ai quitt\u00e9 mon village Quand j&#8217;avais dix-neuf ans Pour la ville, pour travailler \u00e0 l&#8217;usine Je n&#8217;ai jamais oubli\u00e9 La place o\u00f9 j&#8217;ai grandi Et ma famille, mes amis Et surtout ma voisine Et je reviens \u00e0 Beauregard Pr\u00e8s du vieux fleuve dans les champs Et je reviens \u00e0 Beauregard Reviens ayo\u00f9 tu [&hellip;]<\/p>\n","protected":false},"author":1,"featured_media":0,"parent":97,"menu_order":0,"comment_status":"closed","ping_status":"closed","template":"page-templates\/full-width.php","meta":{"footnotes":""},"class_list":["post-103","page","type-page","status-publish","hentry"],"_links":{"self":[{"href":"http:\/\/wagenbrethuhlmann.com\/index.php?rest_route=\/wp\/v2\/pages\/103","targetHints":{"allow":["GET"]}}],"collection":[{"href":"http:\/\/wagenbrethuhlmann.com\/index.php?rest_route=\/wp\/v2\/pages"}],"about":[{"href":"http:\/\/wagenbrethuhlmann.com\/index.php?rest_route=\/wp\/v2\/types\/page"}],"author":[{"embeddable":true,"href":"http:\/\/wagenbrethuhlmann.com\/index.php?rest_route=\/wp\/v2\/users\/1"}],"replies":[{"embeddable":true,"href":"http:\/\/wagenbrethuhlmann.com\/index.php?rest_route=%2Fwp%2Fv2%2Fcomments&post=103"}],"version-history":[{"count":3,"href":"http:\/\/wagenbrethuhlmann.com\/index.php?rest_route=\/wp\/v2\/pages\/103\/revisions"}],"predecessor-version":[{"id":223,"href":"http:\/\/wagenbrethuhlmann.com\/index.php?rest_route=\/wp\/v2\/pages\/103\/revisions\/223"}],"up":[{"embeddable":true,"href":"http:\/\/wagenbrethuhlmann.com\/index.php?rest_route=\/wp\/v2\/pages\/97"}],"wp:attachment":[{"href":"http:\/\/wagenbrethuhlmann.com\/index.php?rest_route=%2Fwp%2Fv2%2Fmedia&parent=103"}],"curies":[{"name":"wp","href":"https:\/\/api.w.org\/{rel}","templated":true}]}}