{"id":104,"date":"2017-07-02T14:22:27","date_gmt":"2017-07-02T14:22:27","guid":{"rendered":"http:\/\/wagenbrethuhlmann.com\/?page_id=104"},"modified":"2017-07-02T14:31:48","modified_gmt":"2017-07-02T14:31:48","slug":"1000-meilen","status":"publish","type":"page","link":"http:\/\/wagenbrethuhlmann.com\/?page_id=104","title":{"rendered":"1000 Meilen"},"content":{"rendered":"<p>(M. Wagenbreth)<\/p>\n<p>Bin unterwegs so lang<br \/>\nUnd schon so weit<br \/>\nJeden Tag ein St\u00fcck<br \/>\nBin unterwegs so lang<br \/>\nUnd durch die Zeit<br \/>\nF\u00fchrt kein Weg zur\u00fcck<br \/>\nWei\u00df l\u00e4ngst nicht mehr<br \/>\nWas ich suche<br \/>\nMein Reisegep\u00e4ck ist nicht schwer<br \/>\nManchmal k\u00e4m ich gerne<br \/>\nIrgendwo an<br \/>\nWenn nur immer das Bleiben nicht w\u00e4r<\/p>\n<p>Bin tausend Meilen<br \/>\nvon woher ich kam<br \/>\nWollte hoch hinaus<br \/>\nBin tausend Meilen<br \/>\nvon woher ich kam<br \/>\nL\u00e4ngst noch nicht zuhaus<br \/>\nMein Name ist weiter auf Reise<br \/>\nFand noch nicht sein Schild an der T\u00fcr<br \/>\nIch wei\u00df, eines Morgens komm ich heim<br \/>\nUnd dann bleib ich f\u00fcr immer bei mir<\/p>\n","protected":false},"excerpt":{"rendered":"<p>(M. Wagenbreth) Bin unterwegs so lang Und schon so weit Jeden Tag ein St\u00fcck Bin unterwegs so lang Und durch die Zeit F\u00fchrt kein Weg zur\u00fcck Wei\u00df l\u00e4ngst nicht mehr Was ich suche Mein Reisegep\u00e4ck ist nicht schwer Manchmal k\u00e4m ich gerne Irgendwo an Wenn nur immer das Bleiben nicht w\u00e4r Bin tausend Meilen von [&hellip;]<\/p>\n","protected":false},"author":1,"featured_media":0,"parent":0,"menu_order":0,"comment_status":"closed","ping_status":"closed","template":"page-templates\/full-width.php","meta":{"footnotes":""},"class_list":["post-104","page","type-page","status-publish","hentry"],"_links":{"self":[{"href":"http:\/\/wagenbrethuhlmann.com\/index.php?rest_route=\/wp\/v2\/pages\/104","targetHints":{"allow":["GET"]}}],"collection":[{"href":"http:\/\/wagenbrethuhlmann.com\/index.php?rest_route=\/wp\/v2\/pages"}],"about":[{"href":"http:\/\/wagenbrethuhlmann.com\/index.php?rest_route=\/wp\/v2\/types\/page"}],"author":[{"embeddable":true,"href":"http:\/\/wagenbrethuhlmann.com\/index.php?rest_route=\/wp\/v2\/users\/1"}],"replies":[{"embeddable":true,"href":"http:\/\/wagenbrethuhlmann.com\/index.php?rest_route=%2Fwp%2Fv2%2Fcomments&post=104"}],"version-history":[{"count":3,"href":"http:\/\/wagenbrethuhlmann.com\/index.php?rest_route=\/wp\/v2\/pages\/104\/revisions"}],"predecessor-version":[{"id":151,"href":"http:\/\/wagenbrethuhlmann.com\/index.php?rest_route=\/wp\/v2\/pages\/104\/revisions\/151"}],"wp:attachment":[{"href":"http:\/\/wagenbrethuhlmann.com\/index.php?rest_route=%2Fwp%2Fv2%2Fmedia&parent=104"}],"curies":[{"name":"wp","href":"https:\/\/api.w.org\/{rel}","templated":true}]}}