{"id":36,"date":"2017-07-02T13:59:36","date_gmt":"2017-07-02T13:59:36","guid":{"rendered":"http:\/\/wagenbrethuhlmann.com\/?page_id=36"},"modified":"2017-07-02T14:41:22","modified_gmt":"2017-07-02T14:41:22","slug":"walzer-danach","status":"publish","type":"page","link":"http:\/\/wagenbrethuhlmann.com\/?page_id=36","title":{"rendered":"Walzer danach"},"content":{"rendered":"<p>(M. Wagenbreth)<\/p>\n<p>Dreh mit mir noch diesen Walzer danach<br \/>\nLeg mir den Schl\u00fcssel morgen ins Fach<br \/>\nSchau wieder vorbei, wenn der Mond g\u00fcnstig steht<br \/>\nUnd erz\u00e4hl mir wie\u2019s dir inzwischen so geht<br \/>\nDieser Abend bleibt uns oder wenigstens mir<br \/>\nUnd ich mei\u00dfel ihn ein in dies letzte Glas Bier.<\/p>\n<p>Dreh mich, dreh uns und dreh jedes Wort<br \/>\nSieh mich und zieh mich und wirbel mich fort<br \/>\nLass mir den Glauben, dir nahe zu sein<br \/>\nFass mich und lass diesen Walzer lang mich nicht allein.<\/p>\n<p>Wenn das Licht leiser wird in dem h\u00e4sslichen Haus<br \/>\nTr\u00e4gt mein Geist mich \u2013 die F\u00fc\u00dfe nach vorne \u2013 hinaus<br \/>\n\u00dcber Pf\u00fctzen von Wein, den keiner mehr trank<br \/>\nUnter Steinen lieg ich sieben Jahre noch krank<br \/>\nDoch ich wei\u00df, eines Abends bin ich wieder hier<br \/>\nGeb\u2019s Gott, es wird wieder ein Walzer mir dir, mit dir.<\/p>\n<p>Dreh mich, dreh uns und dreh jedes Wort\u2026<\/p>\n","protected":false},"excerpt":{"rendered":"<p>(M. Wagenbreth) Dreh mit mir noch diesen Walzer danach Leg mir den Schl\u00fcssel morgen ins Fach Schau wieder vorbei, wenn der Mond g\u00fcnstig steht Und erz\u00e4hl mir wie\u2019s dir inzwischen so geht Dieser Abend bleibt uns oder wenigstens mir Und ich mei\u00dfel ihn ein in dies letzte Glas Bier. Dreh mich, dreh uns und dreh [&hellip;]<\/p>\n","protected":false},"author":1,"featured_media":0,"parent":97,"menu_order":0,"comment_status":"closed","ping_status":"closed","template":"page-templates\/full-width.php","meta":{"footnotes":""},"class_list":["post-36","page","type-page","status-publish","hentry"],"_links":{"self":[{"href":"http:\/\/wagenbrethuhlmann.com\/index.php?rest_route=\/wp\/v2\/pages\/36","targetHints":{"allow":["GET"]}}],"collection":[{"href":"http:\/\/wagenbrethuhlmann.com\/index.php?rest_route=\/wp\/v2\/pages"}],"about":[{"href":"http:\/\/wagenbrethuhlmann.com\/index.php?rest_route=\/wp\/v2\/types\/page"}],"author":[{"embeddable":true,"href":"http:\/\/wagenbrethuhlmann.com\/index.php?rest_route=\/wp\/v2\/users\/1"}],"replies":[{"embeddable":true,"href":"http:\/\/wagenbrethuhlmann.com\/index.php?rest_route=%2Fwp%2Fv2%2Fcomments&post=36"}],"version-history":[{"count":1,"href":"http:\/\/wagenbrethuhlmann.com\/index.php?rest_route=\/wp\/v2\/pages\/36\/revisions"}],"predecessor-version":[{"id":37,"href":"http:\/\/wagenbrethuhlmann.com\/index.php?rest_route=\/wp\/v2\/pages\/36\/revisions\/37"}],"up":[{"embeddable":true,"href":"http:\/\/wagenbrethuhlmann.com\/index.php?rest_route=\/wp\/v2\/pages\/97"}],"wp:attachment":[{"href":"http:\/\/wagenbrethuhlmann.com\/index.php?rest_route=%2Fwp%2Fv2%2Fmedia&parent=36"}],"curies":[{"name":"wp","href":"https:\/\/api.w.org\/{rel}","templated":true}]}}