{"id":7,"date":"2017-07-02T14:09:57","date_gmt":"2017-07-02T14:09:57","guid":{"rendered":"http:\/\/wagenbrethuhlmann.com\/?page_id=7"},"modified":"2018-05-10T19:30:25","modified_gmt":"2018-05-10T19:30:25","slug":"startseite","status":"publish","type":"page","link":"http:\/\/wagenbrethuhlmann.com\/","title":{"rendered":"Startseite"},"content":{"rendered":"<p>Liebe Freundinnen, liebe Freunde,<\/p>\n<p>mittlerweile ist es schon wieder ein gutes Vierteljahr her, dass WagenbrethUhlmann ihr letztes Konzert gaben.<\/p>\n<p>Die Abendstunden des 13. Januar in der Leipziger Moritzbastei gingen uns durchaus an die Seele. Mit Dankbarkeit blicken wir zur\u00fcck, und ein wenig Wehmut war dabei, als wir unl\u00e4ngst uns noch einmal den Mitschnitt des Konzertes (mit all seinen Ecken und Kanten) anh\u00f6rten.<\/p>\n<p>Bei Bedarf (und nur zur rein pers\u00f6nlichen, sentimentalen Verwendung gedacht) findet ihr den hier unter Musik auf der Website.<\/p>\n<p>Um es noch einmal deutlich zu sagen: die gemeinsamen Jahre WagenbrethUhlmann waren f\u00fcr uns beide eine helle Freude, und h\u00e4tte Manne nicht mit Problemen an Gelenken zu k\u00e4mpfen, die zum Musizieren nun mal unverzichtbar sind \u2013 wer wei\u00df; wir h\u00e4tten das Ganze noch eine Weile weiter betreiben k\u00f6nnen.<\/p>\n<p>Und dass wir uns \u2013 alle \u2013 mal wieder bei dem einen oder anderen Lied zusammenfinden, das ist so \u00fcberhaupt nicht au\u00dferhalb der Dinge, die uns noch widerfahren k\u00f6nnen.<\/p>\n<p>Wir alle wissen: man soll nie nie sagen &#8230;<\/p>\n<p>Es gibt eben so unendlich viel gute und sch\u00f6ne Lieder auf der Welt! Und \u2013 zum Gl\u00fcck \u2013 noch mehr gute (und sch\u00f6ne) S\u00e4ngerinnen und S\u00e4nger.<\/p>\n<p>Also, noch einmal, (damit Ihr es schriftlich habt) wie schon an jenem 13. Januar 2018 gesagt: danke Euch f\u00fcr Freundschaft und Unterst\u00fctzung, f\u00fcr die freundlichen Worte und die mitgesungenen T\u00f6ne.<\/p>\n<p>Passt gut auf Euch auf.<\/p>\n<p>Wir sind nicht unerreichbar f\u00fcreinander.<\/p>\n<p>Liebe Gr\u00fc\u00dfe \u2013<\/p>\n<p>Johannes &amp; Manne<\/p>\n<p>&nbsp;<\/p>\n<p>&nbsp;<\/p>\n<p>&nbsp;<\/p>\n<p>Willkommen bei WagenbrethUhlmann!<\/p>\n<p>Sch\u00f6n, dass Ihr den Weg zu uns gefunden habt.<br \/>\nHier gibt es Informationen \u00fcber das Duo aus Leipzig\/Dreiskau-Muckern, das tief in der Folkmusik verwurzelt ist, sich aber schon seit Jahren herzlich wenig um enge Genre-Grenzen schert.<\/p>\n<p>Hier findet Ihr Informationen zu unseren Konzerten und Produktionen, Fotos und Videos, Rezensionen und Biografien, Songtexte sowie gro\u00dfe und kleine Neuigkeiten.<\/p>\n","protected":false},"excerpt":{"rendered":"<p>Liebe Freundinnen, liebe Freunde, mittlerweile ist es schon wieder ein gutes Vierteljahr her, dass WagenbrethUhlmann ihr letztes Konzert gaben. Die Abendstunden des 13. Januar in der Leipziger Moritzbastei gingen uns durchaus an die Seele. Mit Dankbarkeit blicken wir zur\u00fcck, und ein wenig Wehmut war dabei, als wir unl\u00e4ngst uns noch einmal den Mitschnitt des Konzertes [&hellip;]<\/p>\n","protected":false},"author":1,"featured_media":0,"parent":0,"menu_order":0,"comment_status":"closed","ping_status":"closed","template":"page-templates\/full-width.php","meta":{"footnotes":""},"class_list":["post-7","page","type-page","status-publish","hentry"],"_links":{"self":[{"href":"http:\/\/wagenbrethuhlmann.com\/index.php?rest_route=\/wp\/v2\/pages\/7","targetHints":{"allow":["GET"]}}],"collection":[{"href":"http:\/\/wagenbrethuhlmann.com\/index.php?rest_route=\/wp\/v2\/pages"}],"about":[{"href":"http:\/\/wagenbrethuhlmann.com\/index.php?rest_route=\/wp\/v2\/types\/page"}],"author":[{"embeddable":true,"href":"http:\/\/wagenbrethuhlmann.com\/index.php?rest_route=\/wp\/v2\/users\/1"}],"replies":[{"embeddable":true,"href":"http:\/\/wagenbrethuhlmann.com\/index.php?rest_route=%2Fwp%2Fv2%2Fcomments&post=7"}],"version-history":[{"count":5,"href":"http:\/\/wagenbrethuhlmann.com\/index.php?rest_route=\/wp\/v2\/pages\/7\/revisions"}],"predecessor-version":[{"id":437,"href":"http:\/\/wagenbrethuhlmann.com\/index.php?rest_route=\/wp\/v2\/pages\/7\/revisions\/437"}],"wp:attachment":[{"href":"http:\/\/wagenbrethuhlmann.com\/index.php?rest_route=%2Fwp%2Fv2%2Fmedia&parent=7"}],"curies":[{"name":"wp","href":"https:\/\/api.w.org\/{rel}","templated":true}]}}