{"id":93,"date":"2017-07-02T14:22:27","date_gmt":"2017-07-02T14:22:27","guid":{"rendered":"http:\/\/wagenbrethuhlmann.com\/?page_id=93"},"modified":"2017-07-22T11:26:08","modified_gmt":"2017-07-22T11:26:08","slug":"johannes-uhlmann","status":"publish","type":"page","link":"http:\/\/wagenbrethuhlmann.com\/?page_id=93","title":{"rendered":"Johannes Uhlmann"},"content":{"rendered":"<p><img loading=\"lazy\" decoding=\"async\" class=\"alignnone size-medium wp-image-166 alignleft\" src=\"http:\/\/wagenbrethuhlmann.com\/wp-content\/uploads\/2017\/07\/Johannes_Klein-200x300.jpg\" alt=\"\" width=\"200\" height=\"300\" srcset=\"http:\/\/wagenbrethuhlmann.com\/wp-content\/uploads\/2017\/07\/Johannes_Klein-200x300.jpg 200w, http:\/\/wagenbrethuhlmann.com\/wp-content\/uploads\/2017\/07\/Johannes_Klein-1x1.jpg 1w, http:\/\/wagenbrethuhlmann.com\/wp-content\/uploads\/2017\/07\/Johannes_Klein.jpg 400w\" sizes=\"auto, (max-width: 200px) 100vw, 200px\" \/><strong>&#8230; Johannes Uhlmann<\/strong> kommt 1975 in Leipzig zur Welt. Dass Vater Peter dereinst u.a. bei den Folkl\u00e4ndern mitspielte, d\u00fcrfte nicht ohne Einfluss auf k\u00fcnftige musikalische Entwicklungen geblieben sein. Erste Station von Johannes\u2019 musikalischer Laufbahn war Mitte der 80er Jahre die Haus- &amp; Hofkapelle, ein Familienunternehmen, in dem er und sein Bruder Andreas (Posaune) die jugendlichen Frontm\u00e4nner waren. 1994 gab es f\u00fcr die beiden und ihre innovative Musizierweise mit Jazz-Ankl\u00e4ngen den beim Rudolst\u00e4dter TFF ausgelobten Deutschen Folkf\u00f6rderpreis. Es entstehen die Formationen Tyskarna und ULMAN. Letztere errang 2007 den renommierten deutschen Weltmusikpreis Creole. Diverse Projekte folgten: Leipziger Folksession, Red 5, European Youth Folk Orchestra, Bierfiedler, Die Sieben Leben, Deitsch, Tempi Passati, Blue Glass Band \u2026 Ja, und eben das Duo \u2013 siehe oben.<\/p>\n","protected":false},"excerpt":{"rendered":"<p>&#8230; Johannes Uhlmann kommt 1975 in Leipzig zur Welt. Dass Vater Peter dereinst u.a. bei den Folkl\u00e4ndern mitspielte, d\u00fcrfte nicht ohne Einfluss auf k\u00fcnftige musikalische Entwicklungen geblieben sein. Erste Station von Johannes\u2019 musikalischer Laufbahn war Mitte der 80er Jahre die Haus- &amp; Hofkapelle, ein Familienunternehmen, in dem er und sein Bruder Andreas (Posaune) die jugendlichen [&hellip;]<\/p>\n","protected":false},"author":1,"featured_media":0,"parent":92,"menu_order":0,"comment_status":"closed","ping_status":"closed","template":"page-templates\/full-width.php","meta":{"footnotes":""},"class_list":["post-93","page","type-page","status-publish","hentry"],"_links":{"self":[{"href":"http:\/\/wagenbrethuhlmann.com\/index.php?rest_route=\/wp\/v2\/pages\/93","targetHints":{"allow":["GET"]}}],"collection":[{"href":"http:\/\/wagenbrethuhlmann.com\/index.php?rest_route=\/wp\/v2\/pages"}],"about":[{"href":"http:\/\/wagenbrethuhlmann.com\/index.php?rest_route=\/wp\/v2\/types\/page"}],"author":[{"embeddable":true,"href":"http:\/\/wagenbrethuhlmann.com\/index.php?rest_route=\/wp\/v2\/users\/1"}],"replies":[{"embeddable":true,"href":"http:\/\/wagenbrethuhlmann.com\/index.php?rest_route=%2Fwp%2Fv2%2Fcomments&post=93"}],"version-history":[{"count":6,"href":"http:\/\/wagenbrethuhlmann.com\/index.php?rest_route=\/wp\/v2\/pages\/93\/revisions"}],"predecessor-version":[{"id":210,"href":"http:\/\/wagenbrethuhlmann.com\/index.php?rest_route=\/wp\/v2\/pages\/93\/revisions\/210"}],"up":[{"embeddable":true,"href":"http:\/\/wagenbrethuhlmann.com\/index.php?rest_route=\/wp\/v2\/pages\/92"}],"wp:attachment":[{"href":"http:\/\/wagenbrethuhlmann.com\/index.php?rest_route=%2Fwp%2Fv2%2Fmedia&parent=93"}],"curies":[{"name":"wp","href":"https:\/\/api.w.org\/{rel}","templated":true}]}}