{"id":97,"date":"2017-07-02T14:22:27","date_gmt":"2017-07-02T14:22:27","guid":{"rendered":"http:\/\/wagenbrethuhlmann.com\/?page_id=97"},"modified":"2017-07-02T14:40:56","modified_gmt":"2017-07-02T14:40:56","slug":"texte","status":"publish","type":"page","link":"http:\/\/wagenbrethuhlmann.com\/?page_id=97","title":{"rendered":"Texte"},"content":{"rendered":"<p>Nachstehend findet Ihr eine Auswahl von Texten zu eigenen Songs aus unseren Programm.<br \/>\nDie k\u00f6nnt Ihr bei Bedarf gerne nutzen.<br \/>\nBei Weiternutzung f\u00fcr eventuelle Neufassungen oder Abdrucke freuten wir uns \u00fcber eine Nachricht, einen Beleg.<\/p>\n","protected":false},"excerpt":{"rendered":"<p>Nachstehend findet Ihr eine Auswahl von Texten zu eigenen Songs aus unseren Programm. Die k\u00f6nnt Ihr bei Bedarf gerne nutzen. Bei Weiternutzung f\u00fcr eventuelle Neufassungen oder Abdrucke freuten wir uns \u00fcber eine Nachricht, einen Beleg.<\/p>\n","protected":false},"author":1,"featured_media":0,"parent":0,"menu_order":0,"comment_status":"closed","ping_status":"closed","template":"page-templates\/full-width.php","meta":{"footnotes":""},"class_list":["post-97","page","type-page","status-publish","hentry"],"_links":{"self":[{"href":"http:\/\/wagenbrethuhlmann.com\/index.php?rest_route=\/wp\/v2\/pages\/97","targetHints":{"allow":["GET"]}}],"collection":[{"href":"http:\/\/wagenbrethuhlmann.com\/index.php?rest_route=\/wp\/v2\/pages"}],"about":[{"href":"http:\/\/wagenbrethuhlmann.com\/index.php?rest_route=\/wp\/v2\/types\/page"}],"author":[{"embeddable":true,"href":"http:\/\/wagenbrethuhlmann.com\/index.php?rest_route=\/wp\/v2\/users\/1"}],"replies":[{"embeddable":true,"href":"http:\/\/wagenbrethuhlmann.com\/index.php?rest_route=%2Fwp%2Fv2%2Fcomments&post=97"}],"version-history":[{"count":2,"href":"http:\/\/wagenbrethuhlmann.com\/index.php?rest_route=\/wp\/v2\/pages\/97\/revisions"}],"predecessor-version":[{"id":161,"href":"http:\/\/wagenbrethuhlmann.com\/index.php?rest_route=\/wp\/v2\/pages\/97\/revisions\/161"}],"wp:attachment":[{"href":"http:\/\/wagenbrethuhlmann.com\/index.php?rest_route=%2Fwp%2Fv2%2Fmedia&parent=97"}],"curies":[{"name":"wp","href":"https:\/\/api.w.org\/{rel}","templated":true}]}}